{"id":716,"date":"2020-03-19T10:52:48","date_gmt":"2020-03-19T09:52:48","guid":{"rendered":"https:\/\/luxuryvillaspositano.com\/terms-and-conditions\/"},"modified":"2020-04-27T16:21:04","modified_gmt":"2020-04-27T14:21:04","slug":"termini-e-condizioni","status":"publish","type":"page","link":"https:\/\/luxuryvillaspositano.com\/it\/termini-e-condizioni\/","title":{"rendered":"Termini e condizioni"},"content":{"rendered":"\n<p>Al momento della prenotazione con Luxury Villas Positano stai confermando e accettando i nostri termini e le nostre condizioni per te stesso e per tutti i membri del gruppo che viaggeranno con te.<\/p>\n\n\n\n<p>Ti preghiamo di leggerla con attenzione poich\u00e8&nbsp;sono espressi i nostri reciproci obblighi e diritti.<\/p>\n\n\n\n<p>Se stai prenotando una tariffa non &#8211; rimborsabile, ti sar\u00e0 richiesto di effettuare il pagamento dell&#8217;importo totale al momento della conferma di prenotazione.<\/p>\n\n\n\n<p>Se stai prenotando una tariffa standard, al momento della conferma di prenotazione ti sar\u00e0 richiesto il pagamento del 30% del totale; il saldo dovr\u00e0 essere effettuato entro 50 giorni prima del giorno di arrivo presso la nostra struttura.&nbsp;<\/p>\n\n\n\n<p>Per prenotazioni effettuate a meno di 50 giorni dalla data di check in, verr\u00e0 richiesto il pagamento totale del soggiorno alla conferma della prenotazione.<\/p>\n\n\n\n<p>I pagamenti dovranno pervenire in euro e possono essere effettuati seguendo due modalit\u00e0:<\/p>\n\n\n\n<ol class=\"wp-block-list\"><li>Bonifico Bancario (commissioni bancarie non incluse)<\/li><li>Carta di credito (Masetr&nbsp;card&nbsp;e Visa)<\/li><\/ol>\n\n\n\n<p>I pagamenti e i termini di pagamento sono parti del contratto di vendita. La Societ\u00e0 si riserva il diritto di considerare le prenotazioni cancellate se il saldo non perverr\u00e0 entro i termini stabiliti.<\/p>\n\n\n\n<p>La caparra non \u00e8 rimborsabile. la Societ\u00e0 si riserva il diritto di accettare o rifiutare le prenotazioni rimborsando eventuali caparre versate senza obbligo di specificarne&nbsp;la ragione.&nbsp;<\/p>\n\n\n\n<p>Il soggiorno minimo \u00e8 di 3 notti.<\/p>\n\n\n\n<h2 class=\"wp-block-heading\">Servizio di pulizia &#8211; Deposito cauzionale &#8211; Pagamenti all&#8217;arrivo<\/h2>\n\n\n\n<p>Il servizio di pulizia \u00e8 disponibile alla partenza. Per prenotazioni superiori alle tre notti \u00e8 possibile organizzare una ulteriore pulizia durante il soggiorno. Il servizio di pulizia extra \u00e8 comunque disponibile su richiesta a pagamento. La spesa extra obbligatoria di pulizia finale include&nbsp;un set di asciugamani a persona e biancheria e un set di lenzuola a settimana.<\/p>\n\n\n\n<p>Alla consegna delle chiavi, le spese extra obbligatorie di pulizia finale e deposito cauzionale devono essere pagate al proprietario oppure ad un suo rappresentante. Il deposito cauzionale verr\u00e0 restituito all&#8217;ospite alla partenza per intero salvo danni alla struttura oppure costi aggiuntivi (come ad esempio eccessiva sporcizia lasciata in casa) non inclusi nel costo della villa. Il proprietario oppure il suo rappresentante possono impedire l&#8217;ingresso in villa se non viene saldata la pulizia finale o non viene garantito il deposito cauzionale.&nbsp;<\/p>\n\n\n\n<p>L&#8217;importo della tassa di soggiorno \u00e8 di \u20ac 1,50 a persona. La tassa deve essere pagata al check in ed \u00e8 applicabile a partire dai 18 anni per un massimo di 7 giorni.<\/p>\n\n\n\n<p>Il check in \u00e8 possibile dalle 16:00 alle 19:00. Dalle 19:00 alle 22:00 il check in sar\u00e0 possibile in base alle disponibilit\u00e0 dello staff. Sar\u00e0 ad ogni modo concordare preventivamente un appuntamento con la nostra concierge.\u00a0<\/p>\n\n\n\n<p>Il check out \u00e8 possibile entro le 10:00 del giorno di partenza o concordato diversamente con la nostra concierge.<\/p>\n\n\n\n<p>Al momento del check in, il proprietario o il suo rappresentante vi far\u00e0 richiesta di una copia del vostro passaporto e di compilare il nostro form necessario alla registrazione dei nostri ospiti.&nbsp;<\/p>\n","protected":false},"excerpt":{"rendered":"<p>Al momento della prenotazione con Luxury Villas Positano stai confermando e accettando i nostri termini e le nostre condizioni per te stesso e per tutti i membri del gruppo che viaggeranno con te. Ti preghiamo di leggerla con attenzione poich\u00e8&nbsp;sono espressi i nostri reciproci obblighi e diritti. Se stai prenotando una tariffa non &#8211; rimborsabile, &#8230; <a title=\"Termini e condizioni\" class=\"read-more\" href=\"https:\/\/luxuryvillaspositano.com\/it\/termini-e-condizioni\/\" aria-label=\"Per saperne di pi\u00f9 su Termini e condizioni\">Leggi tutto<\/a><\/p>\n","protected":false},"author":3,"featured_media":0,"parent":0,"menu_order":0,"comment_status":"closed","ping_status":"closed","template":"","meta":{"footnotes":""},"class_list":["post-716","page","type-page","status-publish"],"_links":{"self":[{"href":"https:\/\/luxuryvillaspositano.com\/it\/wp-json\/wp\/v2\/pages\/716","targetHints":{"allow":["GET"]}}],"collection":[{"href":"https:\/\/luxuryvillaspositano.com\/it\/wp-json\/wp\/v2\/pages"}],"about":[{"href":"https:\/\/luxuryvillaspositano.com\/it\/wp-json\/wp\/v2\/types\/page"}],"author":[{"embeddable":true,"href":"https:\/\/luxuryvillaspositano.com\/it\/wp-json\/wp\/v2\/users\/3"}],"replies":[{"embeddable":true,"href":"https:\/\/luxuryvillaspositano.com\/it\/wp-json\/wp\/v2\/comments?post=716"}],"version-history":[{"count":4,"href":"https:\/\/luxuryvillaspositano.com\/it\/wp-json\/wp\/v2\/pages\/716\/revisions"}],"predecessor-version":[{"id":801,"href":"https:\/\/luxuryvillaspositano.com\/it\/wp-json\/wp\/v2\/pages\/716\/revisions\/801"}],"wp:attachment":[{"href":"https:\/\/luxuryvillaspositano.com\/it\/wp-json\/wp\/v2\/media?parent=716"}],"curies":[{"name":"wp","href":"https:\/\/api.w.org\/{rel}","templated":true}]}}